{"id":3029,"date":"2024-04-22T16:14:15","date_gmt":"2024-04-22T21:14:15","guid":{"rendered":"https:\/\/theemerald.garden\/politique-de-confidentialite\/"},"modified":"2024-06-26T15:40:38","modified_gmt":"2024-06-26T20:40:38","slug":"politique-de-confidentialite","status":"publish","type":"page","link":"https:\/\/theemerald.garden\/fr\/politique-de-confidentialite\/","title":{"rendered":"Politique de confidentialit\u00e9"},"content":{"rendered":"<style>.kb-row-layout-id3_6d51c5-f8 > .kt-row-column-wrap{align-content:start;}:where(.kb-row-layout-id3_6d51c5-f8 > .kt-row-column-wrap) > .wp-block-kadence-column{justify-content:start;}.kb-row-layout-id3_6d51c5-f8 > .kt-row-column-wrap{column-gap:var(--global-kb-gap-md, 2rem);row-gap:var(--global-kb-gap-md, 2rem);max-width:var( --global-content-width, 1300px );padding-left:var(--global-content-edge-padding);padding-right:var(--global-content-edge-padding);padding-top:180px;padding-bottom:30px;grid-template-columns:minmax(0, 1fr);}.kb-row-layout-id3_6d51c5-f8 > .kt-row-layout-overlay{opacity:1;background-image:url('https:\/\/theemerald.garden\/wp-content\/uploads\/2024\/04\/bg_the_emerald_garden_green_1x.webp');background-size:cover;background-position:center center;background-attachment:scroll;background-repeat:no-repeat;}@media all and (max-width: 1024px){.kb-row-layout-id3_6d51c5-f8 > .kt-row-column-wrap{padding-right:30px;padding-left:30px;grid-template-columns:minmax(0, 1fr);}}@media all and (max-width: 767px){.kb-row-layout-id3_6d51c5-f8 > .kt-row-column-wrap{padding-top:135px;padding-right:30px;padding-bottom:50px;padding-left:30px;grid-template-columns:minmax(0, 1fr);}}<\/style><div class=\"kb-row-layout-wrap kb-row-layout-id3_6d51c5-f8 alignnone kt-row-has-bg wp-block-kadence-rowlayout\"><div class=\"kt-row-layout-overlay kt-row-overlay-normal\"><\/div><div class=\"kt-row-column-wrap kt-has-1-columns kt-row-layout-equal kt-tab-layout-inherit kt-mobile-layout-row kt-row-valign-top kb-theme-content-width\">\n<style>.kadence-column3_0bea71-be > .kt-inside-inner-col{display:flex;}.kadence-column3_0bea71-be > .kt-inside-inner-col,.kadence-column3_0bea71-be > .kt-inside-inner-col:before{border-top-left-radius:0px;border-top-right-radius:0px;border-bottom-right-radius:0px;border-bottom-left-radius:0px;}.kadence-column3_0bea71-be > .kt-inside-inner-col{column-gap:var(--global-kb-gap-sm, 1rem);}.kadence-column3_0bea71-be > .kt-inside-inner-col{flex-direction:column;justify-content:center;}.kadence-column3_0bea71-be > .kt-inside-inner-col > .aligncenter{width:100%;}.kt-row-column-wrap > .kadence-column3_0bea71-be{align-self:center;}.kt-inner-column-height-full:not(.kt-has-1-columns) > .wp-block-kadence-column.kadence-column3_0bea71-be{align-self:auto;}.kt-inner-column-height-full:not(.kt-has-1-columns) > .wp-block-kadence-column.kadence-column3_0bea71-be > .kt-inside-inner-col{flex-direction:column;justify-content:center;}.kadence-column3_0bea71-be > .kt-inside-inner-col:before{opacity:0.3;}.kadence-column3_0bea71-be{position:relative;}@media all and (max-width: 1024px){.kadence-column3_0bea71-be > .kt-inside-inner-col{flex-direction:column;}}@media all and (max-width: 767px){.kadence-column3_0bea71-be > .kt-inside-inner-col{flex-direction:column;}}<\/style>\n<div class=\"wp-block-kadence-column kadence-column3_0bea71-be\"><div class=\"kt-inside-inner-col\"><style>.wp-block-kadence-advancedheading.kt-adv-heading3_3fb59c-2c, .wp-block-kadence-advancedheading.kt-adv-heading3_3fb59c-2c[data-kb-block=\"kb-adv-heading3_3fb59c-2c\"]{text-align:left;font-style:normal;}.wp-block-kadence-advancedheading.kt-adv-heading3_3fb59c-2c mark, .wp-block-kadence-advancedheading.kt-adv-heading3_3fb59c-2c[data-kb-block=\"kb-adv-heading3_3fb59c-2c\"] mark{font-style:normal;color:#f76a0c;padding-top:0px;padding-right:0px;padding-bottom:0px;padding-left:0px;}<\/style>\n<h1 class=\"kt-adv-heading3_3fb59c-2c wp-block-kadence-advancedheading has-theme-palette-1-color has-text-color\" data-kb-block=\"kb-adv-heading3_3fb59c-2c\">Politique de confidentialit\u00e9 <\/h1>\n<\/div><\/div>\n\n<\/div><\/div><style>.kb-row-layout-id3_baf54a-ff > .kt-row-column-wrap{align-content:start;}:where(.kb-row-layout-id3_baf54a-ff > .kt-row-column-wrap) > .wp-block-kadence-column{justify-content:start;}.kb-row-layout-id3_baf54a-ff > .kt-row-column-wrap{column-gap:var(--global-kb-gap-md, 2rem);row-gap:var(--global-kb-gap-md, 2rem);max-width:var( --global-content-width, 1300px );padding-left:var(--global-content-edge-padding);padding-right:var(--global-content-edge-padding);padding-top:80px;padding-bottom:80px;grid-template-columns:minmax(0, 1fr);}.kb-row-layout-id3_baf54a-ff > .kt-row-layout-overlay{opacity:0.30;}@media all and (max-width: 1024px){.kb-row-layout-id3_baf54a-ff > .kt-row-column-wrap{padding-top:50px;padding-right:30px;padding-bottom:50px;padding-left:30px;grid-template-columns:minmax(0, 1fr);}}@media all and (max-width: 767px){.kb-row-layout-id3_baf54a-ff > .kt-row-column-wrap{padding-top:50px;padding-right:30px;padding-bottom:50px;padding-left:30px;grid-template-columns:minmax(0, 1fr);}}<\/style><div class=\"kb-row-layout-wrap kb-row-layout-id3_baf54a-ff alignnone wp-block-kadence-rowlayout\"><div class=\"kt-row-column-wrap kt-has-1-columns kt-row-layout-equal kt-tab-layout-inherit kt-mobile-layout-row kt-row-valign-top kb-theme-content-width\">\n<style>.kadence-column3_11a0a3-fb > .kt-inside-inner-col,.kadence-column3_11a0a3-fb > .kt-inside-inner-col:before{border-top-left-radius:0px;border-top-right-radius:0px;border-bottom-right-radius:0px;border-bottom-left-radius:0px;}.kadence-column3_11a0a3-fb > .kt-inside-inner-col{column-gap:var(--global-kb-gap-sm, 1rem);}.kadence-column3_11a0a3-fb > .kt-inside-inner-col{flex-direction:column;}.kadence-column3_11a0a3-fb > .kt-inside-inner-col > .aligncenter{width:100%;}.kadence-column3_11a0a3-fb > .kt-inside-inner-col:before{opacity:0.3;}.kadence-column3_11a0a3-fb{position:relative;}@media all and (max-width: 1024px){.kadence-column3_11a0a3-fb > .kt-inside-inner-col{flex-direction:column;}}@media all and (max-width: 767px){.kadence-column3_11a0a3-fb > .kt-inside-inner-col{flex-direction:column;}}<\/style>\n<div class=\"wp-block-kadence-column kadence-column3_11a0a3-fb\"><div class=\"kt-inside-inner-col\"><style>.wp-block-kadence-advancedheading.kt-adv-heading3_acfcac-93, .wp-block-kadence-advancedheading.kt-adv-heading3_acfcac-93[data-kb-block=\"kb-adv-heading3_acfcac-93\"]{font-style:normal;}.wp-block-kadence-advancedheading.kt-adv-heading3_acfcac-93 mark, .wp-block-kadence-advancedheading.kt-adv-heading3_acfcac-93[data-kb-block=\"kb-adv-heading3_acfcac-93\"] mark{font-style:normal;color:#f76a0c;padding-top:0px;padding-right:0px;padding-bottom:0px;padding-left:0px;}<\/style>\n<p class=\"kt-adv-heading3_acfcac-93 wp-block-kadence-advancedheading\" data-kb-block=\"kb-adv-heading3_acfcac-93\">The Emerald Garden a \u00e9labor\u00e9 cette politique de confidentialit\u00e9 afin de d\u00e9finir la mani\u00e8re dont nous recueillons et traitons les informations personnelles lorsque vous utilisez notre site.<\/p>\n\n\n<style>.wp-block-kadence-advancedheading.kt-adv-heading3_70209c-f3, .wp-block-kadence-advancedheading.kt-adv-heading3_70209c-f3[data-kb-block=\"kb-adv-heading3_70209c-f3\"]{font-style:normal;}.wp-block-kadence-advancedheading.kt-adv-heading3_70209c-f3 mark, .wp-block-kadence-advancedheading.kt-adv-heading3_70209c-f3[data-kb-block=\"kb-adv-heading3_70209c-f3\"] mark{font-style:normal;color:#f76a0c;padding-top:0px;padding-right:0px;padding-bottom:0px;padding-left:0px;}<\/style>\n<h3 class=\"kt-adv-heading3_70209c-f3 wp-block-kadence-advancedheading has-theme-palette-2-color has-text-color\" data-kb-block=\"kb-adv-heading3_70209c-f3\"><strong>Renseignements que nous recueillons<\/strong><\/h3>\n\n\n<style>.wp-block-kadence-advancedheading.kt-adv-heading3_bb99b1-21, .wp-block-kadence-advancedheading.kt-adv-heading3_bb99b1-21[data-kb-block=\"kb-adv-heading3_bb99b1-21\"]{font-style:normal;}.wp-block-kadence-advancedheading.kt-adv-heading3_bb99b1-21 mark, .wp-block-kadence-advancedheading.kt-adv-heading3_bb99b1-21[data-kb-block=\"kb-adv-heading3_bb99b1-21\"] mark{font-style:normal;color:#f76a0c;padding-top:0px;padding-right:0px;padding-bottom:0px;padding-left:0px;}<\/style>\n<p class=\"kt-adv-heading3_bb99b1-21 wp-block-kadence-advancedheading\" data-kb-block=\"kb-adv-heading3_bb99b1-21\">Lors de votre navigation sur notre site, nous collectons automatiquement certaines informations sur votre appareil, notamment votre adresse IP, le type de navigateur, le fuseau horaire et certains des cookies install\u00e9s sur votre appareil. En outre, lorsque vous naviguez sur notre site, nous recueillons des informations sur les sites Web ou les termes de recherche qui vous ont dirig\u00e9 vers ce site.<\/p>\n\n\n<style>.wp-block-kadence-advancedheading.kt-adv-heading3_aa2d5e-a6, .wp-block-kadence-advancedheading.kt-adv-heading3_aa2d5e-a6[data-kb-block=\"kb-adv-heading3_aa2d5e-a6\"]{font-style:normal;}.wp-block-kadence-advancedheading.kt-adv-heading3_aa2d5e-a6 mark, .wp-block-kadence-advancedheading.kt-adv-heading3_aa2d5e-a6[data-kb-block=\"kb-adv-heading3_aa2d5e-a6\"] mark{font-style:normal;color:#f76a0c;padding-top:0px;padding-right:0px;padding-bottom:0px;padding-left:0px;}<\/style>\n<h3 class=\"kt-adv-heading3_aa2d5e-a6 wp-block-kadence-advancedheading has-theme-palette-2-color has-text-color\" data-kb-block=\"kb-adv-heading3_aa2d5e-a6\"><strong>Collecte et utilisation des renseignements personnels<\/strong><\/h3>\n\n\n<style>.wp-block-kadence-advancedheading.kt-adv-heading3_7fed60-d5, .wp-block-kadence-advancedheading.kt-adv-heading3_7fed60-d5[data-kb-block=\"kb-adv-heading3_7fed60-d5\"]{font-style:normal;}.wp-block-kadence-advancedheading.kt-adv-heading3_7fed60-d5 mark, .wp-block-kadence-advancedheading.kt-adv-heading3_7fed60-d5[data-kb-block=\"kb-adv-heading3_7fed60-d5\"] mark{font-style:normal;color:#f76a0c;padding-top:0px;padding-right:0px;padding-bottom:0px;padding-left:0px;}<\/style>\n<p class=\"kt-adv-heading3_7fed60-d5 wp-block-kadence-advancedheading\" data-kb-block=\"kb-adv-heading3_7fed60-d5\">Lors de votre inscription sur notre Site, nous collectons certaines informations personnelles que vous nous fournissez volontairement, telles que votre nom, votre adresse e-mail, votre num\u00e9ro de t\u00e9l\u00e9phone et toute autre information que vous choisissez de communiquer.<\/p>\n\n\n<style>.wp-block-kadence-advancedheading.kt-adv-heading3_7869e7-3e, .wp-block-kadence-advancedheading.kt-adv-heading3_7869e7-3e[data-kb-block=\"kb-adv-heading3_7869e7-3e\"]{font-style:normal;}.wp-block-kadence-advancedheading.kt-adv-heading3_7869e7-3e mark, .wp-block-kadence-advancedheading.kt-adv-heading3_7869e7-3e[data-kb-block=\"kb-adv-heading3_7869e7-3e\"] mark{font-style:normal;color:#f76a0c;padding-top:0px;padding-right:0px;padding-bottom:0px;padding-left:0px;}<\/style>\n<p class=\"kt-adv-heading3_7869e7-3e wp-block-kadence-advancedheading\" data-kb-block=\"kb-adv-heading3_7869e7-3e\">Nous utilisons les informations que nous recueillons pour communiquer avec vous, traiter vos demandes et vous fournir des informations et\/ou de la publicit\u00e9 relatives \u00e0 nos services. Nous utilisons \u00e9galement les informations collect\u00e9es pour am\u00e9liorer et optimiser notre site.<\/p>\n\n\n<style>.wp-block-kadence-advancedheading.kt-adv-heading3_913237-b5, .wp-block-kadence-advancedheading.kt-adv-heading3_913237-b5[data-kb-block=\"kb-adv-heading3_913237-b5\"]{font-style:normal;}.wp-block-kadence-advancedheading.kt-adv-heading3_913237-b5 mark, .wp-block-kadence-advancedheading.kt-adv-heading3_913237-b5[data-kb-block=\"kb-adv-heading3_913237-b5\"] mark{font-style:normal;color:#f76a0c;padding-top:0px;padding-right:0px;padding-bottom:0px;padding-left:0px;}<\/style>\n<h3 class=\"kt-adv-heading3_913237-b5 wp-block-kadence-advancedheading has-theme-palette-2-color has-text-color\" data-kb-block=\"kb-adv-heading3_913237-b5\"><strong>Divulgation de donn\u00e9es personnelles<\/strong><\/h3>\n\n\n<style>.wp-block-kadence-advancedheading.kt-adv-heading3_1f7ab2-02, .wp-block-kadence-advancedheading.kt-adv-heading3_1f7ab2-02[data-kb-block=\"kb-adv-heading3_1f7ab2-02\"]{font-style:normal;}.wp-block-kadence-advancedheading.kt-adv-heading3_1f7ab2-02 mark, .wp-block-kadence-advancedheading.kt-adv-heading3_1f7ab2-02[data-kb-block=\"kb-adv-heading3_1f7ab2-02\"] mark{font-style:normal;color:#f76a0c;padding-top:0px;padding-right:0px;padding-bottom:0px;padding-left:0px;}<\/style>\n<p class=\"kt-adv-heading3_1f7ab2-02 wp-block-kadence-advancedheading\" data-kb-block=\"kb-adv-heading3_1f7ab2-02\">Nous ne partageons vos informations personnelles avec des tiers que si cela est requis \u00e0 des fins juridiques ou r\u00e9glementaires, ou pour prot\u00e9ger nos droits.<\/p>\n\n\n<style>.wp-block-kadence-advancedheading.kt-adv-heading3_5b3c4b-61, .wp-block-kadence-advancedheading.kt-adv-heading3_5b3c4b-61[data-kb-block=\"kb-adv-heading3_5b3c4b-61\"]{font-style:normal;}.wp-block-kadence-advancedheading.kt-adv-heading3_5b3c4b-61 mark, .wp-block-kadence-advancedheading.kt-adv-heading3_5b3c4b-61[data-kb-block=\"kb-adv-heading3_5b3c4b-61\"] mark{font-style:normal;color:#f76a0c;padding-top:0px;padding-right:0px;padding-bottom:0px;padding-left:0px;}<\/style>\n<h3 class=\"kt-adv-heading3_5b3c4b-61 wp-block-kadence-advancedheading has-theme-palette-2-color has-text-color\" data-kb-block=\"kb-adv-heading3_5b3c4b-61\"><strong>S\u00e9curit\u00e9<\/strong><\/h3>\n\n\n<style>.wp-block-kadence-advancedheading.kt-adv-heading3_c5c337-05, .wp-block-kadence-advancedheading.kt-adv-heading3_c5c337-05[data-kb-block=\"kb-adv-heading3_c5c337-05\"]{font-style:normal;}.wp-block-kadence-advancedheading.kt-adv-heading3_c5c337-05 mark, .wp-block-kadence-advancedheading.kt-adv-heading3_c5c337-05[data-kb-block=\"kb-adv-heading3_c5c337-05\"] mark{font-style:normal;color:#f76a0c;padding-top:0px;padding-right:0px;padding-bottom:0px;padding-left:0px;}<\/style>\n<p class=\"kt-adv-heading3_c5c337-05 wp-block-kadence-advancedheading\" data-kb-block=\"kb-adv-heading3_c5c337-05\">Nous prenons des mesures raisonnables pour garantir que vos renseignements personnels soient ad\u00e9quatement prot\u00e9g\u00e9s contre tout acc\u00e8s non autoris\u00e9, toute divulgation, alt\u00e9ration ou destruction.<\/p>\n\n\n<style>.wp-block-kadence-advancedheading.kt-adv-heading3_f8cf33-a1, .wp-block-kadence-advancedheading.kt-adv-heading3_f8cf33-a1[data-kb-block=\"kb-adv-heading3_f8cf33-a1\"]{font-style:normal;}.wp-block-kadence-advancedheading.kt-adv-heading3_f8cf33-a1 mark, .wp-block-kadence-advancedheading.kt-adv-heading3_f8cf33-a1[data-kb-block=\"kb-adv-heading3_f8cf33-a1\"] mark{font-style:normal;color:#f76a0c;padding-top:0px;padding-right:0px;padding-bottom:0px;padding-left:0px;}<\/style>\n<h3 class=\"kt-adv-heading3_f8cf33-a1 wp-block-kadence-advancedheading has-theme-palette-2-color has-text-color\" data-kb-block=\"kb-adv-heading3_f8cf33-a1\"><strong>Vos droits<\/strong><\/h3>\n\n\n<style>.wp-block-kadence-advancedheading.kt-adv-heading3_b033f8-b8, .wp-block-kadence-advancedheading.kt-adv-heading3_b033f8-b8[data-kb-block=\"kb-adv-heading3_b033f8-b8\"]{font-style:normal;}.wp-block-kadence-advancedheading.kt-adv-heading3_b033f8-b8 mark, .wp-block-kadence-advancedheading.kt-adv-heading3_b033f8-b8[data-kb-block=\"kb-adv-heading3_b033f8-b8\"] mark{font-style:normal;color:#f76a0c;padding-top:0px;padding-right:0px;padding-bottom:0px;padding-left:0px;}<\/style>\n<p class=\"kt-adv-heading3_b033f8-b8 wp-block-kadence-advancedheading\" data-kb-block=\"kb-adv-heading3_b033f8-b8\">Si vous r\u00e9sidez dans certaines juridictions, vous disposez de certains droits concernant vos informations personnelles. Pour exercer ces droits, veuillez nous contacter en utilisant les coordonn\u00e9es indiqu\u00e9es ci-dessous. tune share more_vert<\/p>\n\n\n<style>.wp-block-kadence-advancedheading.kt-adv-heading3_53464f-7b, .wp-block-kadence-advancedheading.kt-adv-heading3_53464f-7b[data-kb-block=\"kb-adv-heading3_53464f-7b\"]{font-style:normal;}.wp-block-kadence-advancedheading.kt-adv-heading3_53464f-7b mark, .wp-block-kadence-advancedheading.kt-adv-heading3_53464f-7b[data-kb-block=\"kb-adv-heading3_53464f-7b\"] mark{font-style:normal;color:#f76a0c;padding-top:0px;padding-right:0px;padding-bottom:0px;padding-left:0px;}<\/style>\n<h3 class=\"kt-adv-heading3_53464f-7b wp-block-kadence-advancedheading has-theme-palette-2-color has-text-color\" data-kb-block=\"kb-adv-heading3_53464f-7b\"><strong>Modifications de cette politique de confidentialit\u00e9<\/strong><\/h3>\n\n\n<style>.wp-block-kadence-advancedheading.kt-adv-heading3_b5c21e-db, .wp-block-kadence-advancedheading.kt-adv-heading3_b5c21e-db[data-kb-block=\"kb-adv-heading3_b5c21e-db\"]{font-style:normal;}.wp-block-kadence-advancedheading.kt-adv-heading3_b5c21e-db mark, .wp-block-kadence-advancedheading.kt-adv-heading3_b5c21e-db[data-kb-block=\"kb-adv-heading3_b5c21e-db\"] mark{font-style:normal;color:#f76a0c;padding-top:0px;padding-right:0px;padding-bottom:0px;padding-left:0px;}<\/style>\n<h3 class=\"kt-adv-heading3_b5c21e-db wp-block-kadence-advancedheading\" data-kb-block=\"kb-adv-heading3_b5c21e-db\">Nous nous r\u00e9servons le droit de modifier cette politique de confidentialit\u00e9 \u00e0 tout moment. Veuillez donc la consulter r\u00e9guli\u00e8rement. Les modifications et clarifications prendront effet imm\u00e9diatement apr\u00e8s leur publication sur le Site.<\/h3>\n\n\n<style>.wp-block-kadence-advancedheading.kt-adv-heading3_ca01b5-71, .wp-block-kadence-advancedheading.kt-adv-heading3_ca01b5-71[data-kb-block=\"kb-adv-heading3_ca01b5-71\"]{font-style:normal;}.wp-block-kadence-advancedheading.kt-adv-heading3_ca01b5-71 mark, .wp-block-kadence-advancedheading.kt-adv-heading3_ca01b5-71[data-kb-block=\"kb-adv-heading3_ca01b5-71\"] mark{font-style:normal;color:#f76a0c;padding-top:0px;padding-right:0px;padding-bottom:0px;padding-left:0px;}<\/style>\n<h3 class=\"kt-adv-heading3_ca01b5-71 wp-block-kadence-advancedheading has-theme-palette-2-color has-text-color\" data-kb-block=\"kb-adv-heading3_ca01b5-71\"><strong><strong>Contact<\/strong><\/strong><\/h3>\n\n\n\n<p>Pour en savoir plus sur nos pratiques de confidentialit\u00e9, si vous avez des questions ou si vous souhaitez d\u00e9poser une plainte, veuillez nous contacter par e-mail \u00e0 <a href=\"mailto:admin@theemerald.garden\">admin@theemerald.garden<\/a>.<\/p>\n<\/div><\/div>\n\n<\/div><\/div>","protected":false},"excerpt":{"rendered":"<p>Politique de confidentialit\u00e9 The Emerald Garden a \u00e9labor\u00e9 cette politique de confidentialit\u00e9 afin de d\u00e9finir la mani\u00e8re dont nous recueillons et traitons les informations personnelles lorsque vous utilisez notre site&#8230;.<\/p>\n","protected":false},"author":1,"featured_media":0,"parent":0,"menu_order":0,"comment_status":"closed","ping_status":"closed","template":"","meta":{"_seopress_robots_primary_cat":"","_seopress_titles_title":"","_seopress_titles_desc":"","_seopress_robots_index":"","inline_featured_image":false,"_kad_blocks_custom_css":"","_kad_blocks_head_custom_js":"","_kad_blocks_body_custom_js":"","_kad_blocks_footer_custom_js":"","_EventAllDay":false,"_EventTimezone":"","_EventStartDate":"","_EventEndDate":"","_EventStartDateUTC":"","_EventEndDateUTC":"","_EventShowMap":false,"_EventShowMapLink":false,"_EventURL":"","_EventCost":"","_EventCostDescription":"","_EventCurrencySymbol":"","_EventCurrencyCode":"","_EventCurrencyPosition":"","_EventDateTimeSeparator":"","_EventTimeRangeSeparator":"","_EventOrganizerID":[],"_EventVenueID":[],"_OrganizerEmail":"","_OrganizerPhone":"","_OrganizerWebsite":"","_VenueAddress":"","_VenueCity":"","_VenueCountry":"","_VenueProvince":"","_VenueState":"","_VenueZip":"","_VenuePhone":"","_VenueURL":"","_VenueStateProvince":"","_VenueLat":"","_VenueLng":"","_VenueShowMap":false,"_VenueShowMapLink":false,"_kad_post_transparent":"","_kad_post_title":"","_kad_post_layout":"","_kad_post_sidebar_id":"","_kad_post_content_style":"","_kad_post_vertical_padding":"","_kad_post_feature":"","_kad_post_feature_position":"","_kad_post_header":false,"_kad_post_footer":false,"footnotes":""},"class_list":["post-3029","page","type-page","status-publish","hentry"],"taxonomy_info":[],"featured_image_src_large":false,"author_info":{"display_name":"teg_admin","author_link":"https:\/\/theemerald.garden\/fr\/author\/teg_admin\/"},"comment_info":0,"_links":{"self":[{"href":"https:\/\/theemerald.garden\/fr\/wp-json\/wp\/v2\/pages\/3029","targetHints":{"allow":["GET"]}}],"collection":[{"href":"https:\/\/theemerald.garden\/fr\/wp-json\/wp\/v2\/pages"}],"about":[{"href":"https:\/\/theemerald.garden\/fr\/wp-json\/wp\/v2\/types\/page"}],"author":[{"embeddable":true,"href":"https:\/\/theemerald.garden\/fr\/wp-json\/wp\/v2\/users\/1"}],"replies":[{"embeddable":true,"href":"https:\/\/theemerald.garden\/fr\/wp-json\/wp\/v2\/comments?post=3029"}],"version-history":[{"count":6,"href":"https:\/\/theemerald.garden\/fr\/wp-json\/wp\/v2\/pages\/3029\/revisions"}],"predecessor-version":[{"id":3118,"href":"https:\/\/theemerald.garden\/fr\/wp-json\/wp\/v2\/pages\/3029\/revisions\/3118"}],"wp:attachment":[{"href":"https:\/\/theemerald.garden\/fr\/wp-json\/wp\/v2\/media?parent=3029"}],"curies":[{"name":"wp","href":"https:\/\/api.w.org\/{rel}","templated":true}]}}